{"id":3491,"date":"2014-01-08T10:52:31","date_gmt":"2014-01-08T10:52:31","guid":{"rendered":"http:\/\/themeforest.unitedthemes.com\/wpversions\/brooklyn\/xml\/demo6\/?page_id=3491"},"modified":"2019-07-17T15:03:00","modified_gmt":"2019-07-17T14:03:00","slug":"prix","status":"publish","type":"page","link":"https:\/\/balouzatdriver.com\/index.php\/prix\/","title":{"rendered":"Tarifs"},"content":{"rendered":"<div class=\"prix\">\n<div  class=\"ut-one-half  \"><img loading=\"lazy\" class=\"size-full wp-image-4033 aligncenter\" src=\"https:\/\/balouzatdriver.com\/wp-content\/uploads\/2014\/01\/icon_chauffeur.png\" alt=\"icon_chauffeur\" width=\"205\" height=\"269\" \/> <\/div>\n<div  class=\"ut-one-half ut-column-last  \">\n<h2 style=\"text-align: center;\"><strong><span style=\"color: #333333;\">Chauffeur priv\u00e9<\/span><\/strong><\/h2>\n<h3 style=\"text-align: center;\"><span style=\"color: #333333;\"><strong>Disponible 24H\/24,<\/strong><\/span><\/h3>\n<h3 style=\"text-align: center;\"><span style=\"color: #333333;\"><strong> 7 jours\/7\u00a0<\/strong><\/span><\/h3>\n<p style=\"text-align: center;\"><span style=\"color: #333333;\"><em>English spoken\/Parlo italiano<\/em><\/span><\/p>\n<\/div><div class=\"clear\"><\/div>\n<\/div>\n<div class=\"ut-pt-wrap ut-pt-wrap-style-1\"><div class=\"grid-25 tablet-grid-50 mobile-grid-100\"><div class=\"ut-pricing-table ut-pt-featured-table\"><div class=\"ut-pt-featured\"><i class=\"fa fa-star\"><\/i><span class=\"ut-pt-mp\">A l'ouest !<\/span><\/div><header class=\"ut-pt-header ut-level-one\"><h2 class=\"ut-pt-title\">Var & Marseille<\/h2><\/header><div class=\"ut-custom-row\"><img class=\"alignnone size-medium wp-image-3787\" src=\"http:\/\/balouzatdriver.com\/wp-content\/uploads\/2013\/10\/var-300x194.jpg\" alt=\"Cte d'azur.\" width=\"500\" height=\"281\" \/><\/img><\/div><div class=\"ut-pt-info\"><ul class=\"fa-ul\"><li><i class=\"fa-li fa fa-check\"><\/i><strong>Fr\u00e9jus \/ Saint Rapha\u00ebl<\/strong> 110\u20ac*<\/li><li><i class=\"fa-li fa fa-check\"><\/i><strong>Saint Tropez<\/strong> 250\u20ac*<\/li><li><i class=\"fa-li fa fa-check\"><\/i><strong>Toulon<\/strong> 250\u20ac*<\/li><li><i class=\"fa-li fa fa-check\"><\/i><strong>Marseille \/ Marseille A\u00e9roport<\/strong> 350\u20ac*<\/li><\/ul><\/div><footer class=\"ut-pt-pricing\"><a class=\"ut-btn theme-btn small round\" target=\"_self\" href=\"http:\/\/balouzatdriver.com\/index.php\/reservez-en-ligne\/\">R\u00e9servez \/ Book <\/a><\/footer><\/div><\/div><div class=\"grid-25 tablet-grid-50 mobile-grid-100\"><div class=\"ut-pricing-table ut-pt-featured-table\"><div class=\"ut-pt-featured\"><i class=\"fa fa-star\"><\/i><span class=\"ut-pt-mp\">Le plus demand\u00e9<\/span><\/div><header class=\"ut-pt-header ut-level-one\"><h2 class=\"ut-pt-title\">Alpes Maritimes<\/h2><\/header><div class=\"ut-custom-row\"><img class=\"alignnone size-medium wp-image-3787\" src=\"http:\/\/balouzatdriver.com\/wp-content\/uploads\/2016\/01\/promenade-des-anglais.jpg\" alt=\"Cte d'azur.\" width=\"500\" height=\"281\" \/><\/img><\/div><div class=\"ut-pt-info\"><ul class=\"fa-ul\"><li><i class=\"fa-li fa fa-check\"><\/i><strong>Nice Centre<\/strong> 35\u20ac*<\/li><li><i class=\"fa-li fa fa-check\"><\/i><strong>Saint Paul de Vence<\/strong> 50\u20ac*<\/li><li><i class=\"fa-li fa fa-check\"><\/i><strong>Villefranche\/mer<\/strong> 50\u20ac*<\/li><li><i class=\"fa-li fa fa-check\"><\/i><strong>Saint Jean Cap Ferrat\/ Beaulieu<\/strong> 50\u20ac*<\/li><li><i class=\"fa-li fa fa-check\"><\/i><strong>Sophia Antipolis <\/strong>70\u20ac*<\/li><li><i class=\"fa-li fa fa-check\"><\/i><strong>Antibes<\/strong> 70\u20ac*<\/li><li><i class=\"fa-li fa fa-check\"><\/i><strong>Eze\/ Eze Village<\/strong> 50\u20ac*<\/li><li><i class=\"fa-li fa fa-check\"><\/i><strong>Cannes<\/strong> 80\u20ac*<\/li><li><i class=\"fa-li fa fa-check\"><\/i><strong>Grasse<\/strong> 90\u20ac*<\/li><li><i class=\"fa-li fa fa-check\"><\/i><strong>Menton<\/strong> 90\u20ac*<\/li><li><i class=\"fa-li fa fa-check\"><\/i><strong>Opio - Club Med d'Opio<\/strong> 90\u20ac*<\/li><\/ul><\/div><footer class=\"ut-pt-pricing\"><a class=\"ut-btn theme-btn small round\" target=\"_self\" href=\"http:\/\/balouzatdriver.com\/index.php\/reservez-en-ligne\/\">R\u00e9servez \/ Book<\/a><\/footer><\/div><\/div><div class=\"grid-25 tablet-grid-50 mobile-grid-100\"><div class=\"ut-pricing-table ut-pt-featured-table\"><div class=\"ut-pt-featured\"><i class=\"fa fa-star\"><\/i><span class=\"ut-pt-mp\">De Saison !<\/span><\/div><header class=\"ut-pt-header ut-level-one\"><h2 class=\"ut-pt-title\">En piste !<\/h2><\/header><div class=\"ut-custom-row\"><img class=\"alignnone size-medium wp-image-3787\" src=\"http:\/\/balouzatdriver.com\/wp-content\/uploads\/2016\/01\/ski.jpg\" alt=\"ski\" width=\"500\" height=\"281\" \/><\/img><\/div><div class=\"ut-pt-info\"><ul class=\"fa-ul\"><li><i class=\"fa-li fa fa-check\"><\/i><strong>Auron<\/strong> 200\u20ac*<\/li><li><i class=\"fa-li fa fa-check\"><\/i><strong>Isola 2000<\/strong> 200\u20ac*<\/li><li><i class=\"fa-li fa fa-check\"><\/i><strong>Limone<\/strong> 250\u20ac*<\/li><li><i class=\"fa-li fa fa-check\"><\/i><strong>La Foux d'Allos<\/strong> 300\u20ac*<\/li><\/ul><\/div><footer class=\"ut-pt-pricing\"><a class=\"ut-btn theme-btn small round\" target=\"_self\" href=\"http:\/\/balouzatdriver.com\/index.php\/reservez-en-ligne\/\">R\u00e9servez \/ Book<\/a><\/footer><\/div><\/div><div class=\"grid-25 tablet-grid-50 mobile-grid-100\"><div class=\"ut-pricing-table ut-pt-featured-table\"><div class=\"ut-pt-featured\"><i class=\"fa fa-star\"><\/i><span class=\"ut-pt-mp\">Aux fronti\u00e8res !<\/span><\/div><header class=\"ut-pt-header ut-level-one\"><h2 class=\"ut-pt-title\">Monaco & Italie<\/h2><\/header><div class=\"ut-custom-row\"><img class=\"alignnone size-medium wp-image-3787\" src=\"http:\/\/balouzatdriver.com\/wp-content\/uploads\/2016\/01\/ventimille.jpg\" alt=\"ventimille.\" width=\"500\" height=\"281\" \/><\/img><\/div><div class=\"ut-pt-info\"><ul class=\"fa-ul\"><li><i class=\"fa-li fa fa-check\"><\/i><strong>Monaco<\/strong> 70\u20ac*<\/li><li><i class=\"fa-li fa fa-check\"><\/i><strong>Ventimiglia<\/strong> 120\u20ac*<\/li><li><i class=\"fa-li fa fa-check\"><\/i><strong>San Remo<\/strong>150\u20ac*<\/li><li><i class=\"fa-li fa fa-check\"><\/i><strong>Milano<\/strong> 600\u20ac*<\/li><\/ul><\/div><footer class=\"ut-pt-pricing\"><a class=\"ut-btn theme-btn small round\" target=\"_self\" href=\"http:\/\/balouzatdriver.com\/index.php\/reservez-en-ligne\/\">R\u00e9servez \/ Book<\/a><\/footer><\/div><\/div><div class=\"clear\"><\/div><\/div>\n<p><strong>*Tarifs au d\u00e9part de l&rsquo;a\u00e9roport Nice C\u00f4te d&rsquo;Azur\/Fares from Nice C\u00f4te d&rsquo;Azur Airport &#8211; Early Departure (before 7 AM); Late Arrival\/Departure (After 9 PM) and for baby seat an extra of 10\u20ac will be charged.<br \/>\n<\/strong><\/p>\n<p><strong>For 4 persons, 10\u20ac will also be charged as extra.<br \/>\n<\/strong><\/p>\n<p><strong><img loading=\"lazy\" class=\"alignright wp-image-3933 \" src=\"https:\/\/balouzatdriver.com\/wp-content\/uploads\/2014\/01\/visa-mastercard-logo-300x98.jpg\" alt=\"visa-mastercard-logo balouzat driver\" width=\"162\" height=\"53\" srcset=\"https:\/\/balouzatdriver.com\/wp-content\/uploads\/2014\/01\/visa-mastercard-logo-300x98.jpg 300w, https:\/\/balouzatdriver.com\/wp-content\/uploads\/2014\/01\/visa-mastercard-logo-768x250.jpg 768w, https:\/\/balouzatdriver.com\/wp-content\/uploads\/2014\/01\/visa-mastercard-logo.jpg 858w\" sizes=\"(max-width: 162px) 100vw, 162px\" \/><\/strong><\/p>\n<p><strong>** Paiement par CB &#8211; Mastercard accept\u00e9\/Payment by credit card \u00a0&amp; Mastercard accepted<\/strong><\/p>\n","protected":false},"excerpt":{"rendered":"<p>*Tarifs au d\u00e9part de l&rsquo;a\u00e9roport Nice C\u00f4te d&rsquo;Azur\/Fares from Nice C\u00f4te d&rsquo;Azur Airport &#8211; Early Departure (before 7 AM); Late Arrival\/Departure (After 9 PM) and for baby seat an extra of 10\u20ac will be charged. For 4 persons, 10\u20ac will also be charged as extra. ** Paiement par CB &#8211; Mastercard accept\u00e9\/Payment by credit card [&hellip;]<\/p>\n","protected":false},"author":1,"featured_media":0,"parent":0,"menu_order":0,"comment_status":"closed","ping_status":"open","template":"","meta":{"_mi_skip_tracking":false},"_links":{"self":[{"href":"https:\/\/balouzatdriver.com\/index.php\/wp-json\/wp\/v2\/pages\/3491"}],"collection":[{"href":"https:\/\/balouzatdriver.com\/index.php\/wp-json\/wp\/v2\/pages"}],"about":[{"href":"https:\/\/balouzatdriver.com\/index.php\/wp-json\/wp\/v2\/types\/page"}],"author":[{"embeddable":true,"href":"https:\/\/balouzatdriver.com\/index.php\/wp-json\/wp\/v2\/users\/1"}],"replies":[{"embeddable":true,"href":"https:\/\/balouzatdriver.com\/index.php\/wp-json\/wp\/v2\/comments?post=3491"}],"version-history":[{"count":20,"href":"https:\/\/balouzatdriver.com\/index.php\/wp-json\/wp\/v2\/pages\/3491\/revisions"}],"predecessor-version":[{"id":4175,"href":"https:\/\/balouzatdriver.com\/index.php\/wp-json\/wp\/v2\/pages\/3491\/revisions\/4175"}],"wp:attachment":[{"href":"https:\/\/balouzatdriver.com\/index.php\/wp-json\/wp\/v2\/media?parent=3491"}],"curies":[{"name":"wp","href":"https:\/\/api.w.org\/{rel}","templated":true}]}}